{"id":86,"date":"2024-08-07T18:59:59","date_gmt":"2024-08-07T17:59:59","guid":{"rendered":"http:\/\/amalgamme.fr\/site\/?page_id=86"},"modified":"2024-11-14T15:49:37","modified_gmt":"2024-11-14T14:49:37","slug":"accueil","status":"publish","type":"page","link":"https:\/\/amalgamme.fr\/","title":{"rendered":"ACCUEIL"},"content":{"rendered":"<div  class='flex_column av-26r6a-201691c57a51560e3f3aa43c5d4f60b0 av_two_fifth  avia-builder-el-0  el_before_av_three_fifth  avia-builder-el-first  first flex_column_div  '     ><section  class='av_textblock_section av-m015t1ew-d06a33d30efbdc1b2dc4c81cd80eb4be '   itemscope=\"itemscope\" itemtype=\"https:\/\/schema.org\/CreativeWork\" ><div class='avia_textblock'  itemprop=\"text\" ><h2>Notre actualit\u00e9<\/h2>\n<\/div><\/section><br \/>\n<div id='av-masonry-1' class='av-masonry av-lzsacn21-8125b265a6c56f84e1d8fcd10a130de9 noHover av-flex-size av-1px-gap av-hover-overlay-active av-masonry-animation-active av-masonry-col-1 av-caption-always av-caption-style- av-masonry-entries av-desktop-columns-overwrite av-desktop-columns-1 av-medium-columns-overwrite av-medium-columns-1 av-small-columns-overwrite av-small-columns-1 av-mini-columns-overwrite av-mini-columns-1 ' data-post_id=\"86\"><div class=\"av-masonry-container isotope av-js-disabled\"><div class='av-masonry-entry isotope-item av-masonry-item-no-image all_sort accueil_sort '><\/div><a href=\"https:\/\/amalgamme.fr\/?p=5430\"  id='av-masonry-1-item-5430' data-av-masonry-item='5430' class='av-masonry-entry isotope-item post-5430 post type-post status-publish format-aside has-post-thumbnail hentry category-actualites category-prochains-concerts tag-accueil post_format-post-format-aside all_sort accueil_sort  av-masonry-item-with-image' title=\"1771947326097-4ad2e4e0-8881-479b-bbf4-f27621db01a9_1\"   itemscope=\"itemscope\" itemtype=\"https:\/\/schema.org\/CreativeWork\" ><div class='av-inner-masonry-sizer'><\/div><figure class='av-inner-masonry main_color'><div class=\"av-masonry-outerimage-container\"><div class='av-masonry-image-container'  ><img decoding=\"async\" width=\"723\" height=\"1024\" fetchpriority=\"high\" class=\"wp-image-5436 avia-img-lazy-loading-not-5436\"  src=\"https:\/\/amalgamme.fr\/wp-content\/uploads\/2026\/02\/1771947326097-4ad2e4e0-8881-479b-bbf4-f27621db01a9_1.jpg\" title=\"1771947326097-4ad2e4e0-8881-479b-bbf4-f27621db01a9_1\" alt=\"\" srcset=\"https:\/\/amalgamme.fr\/wp-content\/uploads\/2026\/02\/1771947326097-4ad2e4e0-8881-479b-bbf4-f27621db01a9_1.jpg 723w, https:\/\/amalgamme.fr\/wp-content\/uploads\/2026\/02\/1771947326097-4ad2e4e0-8881-479b-bbf4-f27621db01a9_1-212x300.jpg 212w, https:\/\/amalgamme.fr\/wp-content\/uploads\/2026\/02\/1771947326097-4ad2e4e0-8881-479b-bbf4-f27621db01a9_1-498x705.jpg 498w\" sizes=\"(max-width: 723px) 100vw, 723px\" \/><\/div><\/div><figcaption class='av-inner-masonry-content site-background'><div class='av-inner-masonry-content-pos'><div class='av-inner-masonry-content-pos-content'><div class='avia-arrow'><\/div><h3 class='av-masonry-entry-title entry-title '  itemprop=\"headline\" >Prochain RV le 17 AVRIL 2026<\/h3><span class='av-masonry-date meta-color updated'>24 f\u00e9vrier 2026<\/span><span class=\"av-masonry-text-sep text-sep-author\">\/<\/span><span class='av-masonry-author meta-color author'><span class='fn'>par Amalgamme<\/span><\/span><\/div><\/div><\/figcaption><\/figure><\/a><!--end av-masonry entry--><\/div><\/div><\/p><\/div><div  class='flex_column av-1p55a-3c6801afadcaa998fc9c08b6151907e3 av_three_fifth  avia-builder-el-3  el_after_av_two_fifth  el_before_av_one_third  flex_column_div  '     ><section  class='av_textblock_section av-m015tc0c-abb732f83add188938b75abc2241b676 '   itemscope=\"itemscope\" itemtype=\"https:\/\/schema.org\/CreativeWork\" ><div class='avia_textblock'  itemprop=\"text\" ><h2>Nous d\u00e9couvrir<\/h2>\n<\/div><\/section><br \/>\n<div  class='avia-video av-m0151yng-74b95e1b3011c408f5812cb788b1819d avia-video-16-9 av-no-preview-image avia-video-load-always av-lazyload-immediate av-lazyload-video-embed'  itemprop=\"video\" itemtype=\"https:\/\/schema.org\/VideoObject\"  data-original_url='https:\/\/youtu.be\/bhjwUCH_Feg?si=_zaLshFhOmXIa2gF'><script type='text\/html' class='av-video-tmpl'><div class='avia-iframe-wrap'><iframe loading=\"lazy\" title=\"Amal&#039;gamme\" width=\"1500\" height=\"844\" src=\"https:\/\/www.youtube.com\/embed\/bhjwUCH_Feg?feature=oembed&autoplay=0&loop=0&controls=1&mute=0\" frameborder=\"0\" allow=\"accelerometer; autoplay; clipboard-write; encrypted-media; gyroscope; picture-in-picture; web-share\" referrerpolicy=\"strict-origin-when-cross-origin\" allowfullscreen><\/iframe><\/div><\/script><div class='av-click-to-play-overlay'><div class=\"avia_playpause_icon\"><\/div><\/div><\/div><br \/>\n<section  class='av_textblock_section av-m015pf3f-3dd1647ea1b0bc7ebd5b7ded2beb02a6 '   itemscope=\"itemscope\" itemtype=\"https:\/\/schema.org\/CreativeWork\" ><div class='avia_textblock'  itemprop=\"text\" ><blockquote>\n<p>Association cr\u00e9\u00e9e en 1985, Amal\u2019gamme a \u00e9volu\u00e9 au fil des ans pour devenir aujourd\u2019hui une troupe vocale et sc\u00e9nique dont la particularit\u00e9 est son r\u00e9pertoire jazzy. Notre troupe propose des spectacles musicaux, dans lesquels pr\u00e9domine l&rsquo;interpr\u00e9tation vocale de chansons contemporaines harmonis\u00e9es pour ch\u0153urs.<\/p>\n<\/blockquote>\n<\/div><\/section><\/p><\/div><\/p>\n<div  class='flex_column av-3jsj2-e4cf6220799578552966c9f702318448 av_one_third  avia-builder-el-7  el_after_av_three_fifth  el_before_av_one_third  first flex_column_div  '     ><div  class='avia-icon-list-container av-m0173u1o-651a9fd06d18f694b39d24ef71adb92b  avia-builder-el-8  avia-builder-el-no-sibling '><ul class='avia-icon-list avia_animate_when_almost_visible avia-icon-list-left av-iconlist-big av-m0173u1o-651a9fd06d18f694b39d24ef71adb92b avia-iconlist-animate'>\n<li><div class='iconlist_icon av-m0172w93-d0b57a684a425161954c9768527eda43 avia-font-entypo-fontello'><span class='iconlist-char' aria-hidden='true' data-av_icon='\ue909' data-av_iconfont='entypo-fontello'><\/span><\/div><article class=\"article-icon-entry av-iconlist-empty\"  itemscope=\"itemscope\" itemtype=\"https:\/\/schema.org\/CreativeWork\" ><div class=\"iconlist_content_wrap\"><header class=\"entry-content-header\" aria-label=\"Icon: &lt;a href=&#039;https:\/\/www.instagram.com\/amalgammetroupe95&#039; title=&#039;Sur Instagram&#039;&gt;Sur Instagram&lt;\/a&gt;\"><h4 class='av_iconlist_title iconlist_title  '  itemprop=\"headline\" ><a href='https:\/\/www.instagram.com\/amalgammetroupe95' title='Sur Instagram'>Sur Instagram<\/a><\/h4><\/header><div class='iconlist_content '  itemprop=\"text\" ><\/div><\/div><footer class=\"entry-footer\"><\/footer><\/article><div class=\"iconlist-timeline\"><\/div><\/li>\n<\/ul><\/div><\/div>\n<div  class='flex_column av-2ih36-3e797cff2b309a8656b95aaa97041813 av_one_third  avia-builder-el-9  el_after_av_one_third  el_before_av_one_third  flex_column_div  '     ><div  class='avia-icon-list-container av-m0176hck-1feb05f25f0661086aa332e52edb0b38  avia-builder-el-10  avia-builder-el-no-sibling '><ul class='avia-icon-list avia_animate_when_almost_visible avia-icon-list-left av-iconlist-big av-m0176hck-1feb05f25f0661086aa332e52edb0b38 avia-iconlist-animate'>\n<li><div class='iconlist_icon av-qdm-f4335fc9b8432aca86e524f98dc5f24f avia-font-entypo-fontello'><span class='iconlist-char' aria-hidden='true' data-av_icon='\ue8f5' data-av_iconfont='entypo-fontello'><\/span><\/div><article class=\"article-icon-entry av-iconlist-empty\"  itemscope=\"itemscope\" itemtype=\"https:\/\/schema.org\/CreativeWork\" ><div class=\"iconlist_content_wrap\"><header class=\"entry-content-header\" aria-label=\"Icon: &lt;a href=&#039;https:\/\/www.facebook.com\/amalgamme.troupevocale.3&#039; title=&#039;Sur Facebook&#039;&gt;Sur Facebook&lt;\/a&gt;\"><h4 class='av_iconlist_title iconlist_title  '  itemprop=\"headline\" ><a href='https:\/\/www.facebook.com\/amalgamme.troupevocale.3' title='Sur Facebook'>Sur Facebook<\/a><\/h4><\/header><div class='iconlist_content '  itemprop=\"text\" ><\/div><\/div><footer class=\"entry-footer\"><\/footer><\/article><div class=\"iconlist-timeline\"><\/div><\/li>\n<\/ul><\/div><\/div>\n<div  class='flex_column av-1l7k2-448255ba819bf02f57b8a599ab58e11d av_one_third  avia-builder-el-11  el_after_av_one_third  avia-builder-el-last  flex_column_div  '     ><div  class='avia-icon-list-container av-m0176kto-01291979c953dcd26faba1e90f584717  avia-builder-el-12  avia-builder-el-no-sibling '><ul class='avia-icon-list avia_animate_when_almost_visible avia-icon-list-left av-iconlist-big av-m0176kto-01291979c953dcd26faba1e90f584717 avia-iconlist-animate'>\n<li><div class='iconlist_icon av-xv1q-67caef0eab17bff5b215a489c35bb2b7 avia-font-entypo-fontello'><span class='iconlist-char' aria-hidden='true' data-av_icon='\uf16a' data-av_iconfont='entypo-fontello'><\/span><\/div><article class=\"article-icon-entry av-iconlist-empty\"  itemscope=\"itemscope\" itemtype=\"https:\/\/schema.org\/CreativeWork\" ><div class=\"iconlist_content_wrap\"><header class=\"entry-content-header\" aria-label=\"Icon: &lt;a href=&#039;https:\/\/www.youtube.com\/@amalgammeeaubonne4999&#039; title=&#039;Sur Youtube&#039;&gt;Sur Youtube&lt;\/a&gt;\"><h4 class='av_iconlist_title iconlist_title  '  itemprop=\"headline\" ><a href='https:\/\/www.youtube.com\/@amalgammeeaubonne4999' title='Sur Youtube'>Sur Youtube<\/a><\/h4><\/header><div class='iconlist_content '  itemprop=\"text\" ><\/div><\/div><footer class=\"entry-footer\"><\/footer><\/article><div class=\"iconlist-timeline\"><\/div><\/li>\n<\/ul><\/div><\/div>\n","protected":false},"excerpt":{"rendered":"","protected":false},"author":1,"featured_media":0,"parent":0,"menu_order":0,"comment_status":"closed","ping_status":"closed","template":"","meta":{"footnotes":""},"class_list":["post-86","page","type-page","status-publish","hentry"],"_links":{"self":[{"href":"https:\/\/amalgamme.fr\/index.php?rest_route=\/wp\/v2\/pages\/86","targetHints":{"allow":["GET"]}}],"collection":[{"href":"https:\/\/amalgamme.fr\/index.php?rest_route=\/wp\/v2\/pages"}],"about":[{"href":"https:\/\/amalgamme.fr\/index.php?rest_route=\/wp\/v2\/types\/page"}],"author":[{"embeddable":true,"href":"https:\/\/amalgamme.fr\/index.php?rest_route=\/wp\/v2\/users\/1"}],"replies":[{"embeddable":true,"href":"https:\/\/amalgamme.fr\/index.php?rest_route=%2Fwp%2Fv2%2Fcomments&post=86"}],"version-history":[{"count":26,"href":"https:\/\/amalgamme.fr\/index.php?rest_route=\/wp\/v2\/pages\/86\/revisions"}],"predecessor-version":[{"id":5440,"href":"https:\/\/amalgamme.fr\/index.php?rest_route=\/wp\/v2\/pages\/86\/revisions\/5440"}],"wp:attachment":[{"href":"https:\/\/amalgamme.fr\/index.php?rest_route=%2Fwp%2Fv2%2Fmedia&parent=86"}],"curies":[{"name":"wp","href":"https:\/\/api.w.org\/{rel}","templated":true}]}}