{"id":35,"date":"2014-04-04T09:04:26","date_gmt":"2014-04-04T08:04:26","guid":{"rendered":"http:\/\/amalgamme.fr\/site\/?page_id=35"},"modified":"2024-08-15T11:04:33","modified_gmt":"2024-08-15T10:04:33","slug":"nous-programmer","status":"publish","type":"page","link":"https:\/\/amalgamme.fr\/?page_id=35","title":{"rendered":"Nous programmer"},"content":{"rendered":"<h2>ORGANISEZ UNE MANIFESTATION<\/h2>\n<p>Vous d\u00e9sirez organiser un concert, animer un mariage, un anniversaire, un go\u00fbter, une soir\u00e9e publique ou priv\u00e9e, ou toute autre manifestation&#8230; Que vous soyez une association, une municipalit\u00e9, un particulier, un office culturel, un th\u00e9\u00e2tre, un comit\u00e9 d&rsquo;entreprise, une maison de retraite, Contactez-nous pour pr\u00e9parer votre spectacle.<\/p>\n<h2>CHOISISSEZ VOTRE PROGRAMME EN FONCTION DE VOS BESOINS<\/h2>\n<p>Amal\u2019gamme se produit sous diff\u00e9rentes formes.<\/p>\n<p><strong>Programmes courts<\/strong><br \/>\n8 \u00e0 10 chants, toujours accompagn\u00e9s par notre pianiste attitr\u00e9, Marc Merli.<\/p>\n<p><strong>Programmes longs<\/strong><br \/>\nConcerts en deux parties avec 18 \u00e0 20 chants n\u00e9cessitant parfois le renfort de musiciens qui viennent enrichir le spectacle.<\/p>\n<h2>TARIFS<\/h2>\n<p>Nous consulter<\/p>\n<h2>CONTACTEZ-NOUS<\/h2>\n<p>Pr\u00e9sident : Dominique Beaurain<br \/>\nT\u00e9l. 06 18 37 96 10<br \/>\n<script>\/\/ <![CDATA[\nnom=\"d.baurain\";\nserveur=\"free.fr\";\nligne = \"<a href=\\\"mailto:\"+nom+\"@\"+serveur+\"\\\">\"+nom+\"@\"+serveur+\"<\/a>\";\ndocument.write(ligne);\n\/\/ ]]><\/script> ou amalgamme.eaubonne@gmail.com<\/p>\n","protected":false},"excerpt":{"rendered":"<p>ORGANISEZ UNE MANIFESTATION Vous d\u00e9sirez organiser un concert, animer un mariage, un anniversaire, un go\u00fbter, une soir\u00e9e publique ou priv\u00e9e, ou toute autre manifestation&#8230; Que vous soyez une association, une municipalit\u00e9, un particulier, un office culturel, un th\u00e9\u00e2tre, un comit\u00e9 d&rsquo;entreprise, une maison de retraite, Contactez-nous pour pr\u00e9parer votre spectacle. CHOISISSEZ VOTRE PROGRAMME EN FONCTION [&hellip;]<\/p>\n","protected":false},"author":1,"featured_media":0,"parent":0,"menu_order":2,"comment_status":"closed","ping_status":"closed","template":"","meta":{"footnotes":""},"class_list":["post-35","page","type-page","status-publish","hentry"],"_links":{"self":[{"href":"https:\/\/amalgamme.fr\/index.php?rest_route=\/wp\/v2\/pages\/35","targetHints":{"allow":["GET"]}}],"collection":[{"href":"https:\/\/amalgamme.fr\/index.php?rest_route=\/wp\/v2\/pages"}],"about":[{"href":"https:\/\/amalgamme.fr\/index.php?rest_route=\/wp\/v2\/types\/page"}],"author":[{"embeddable":true,"href":"https:\/\/amalgamme.fr\/index.php?rest_route=\/wp\/v2\/users\/1"}],"replies":[{"embeddable":true,"href":"https:\/\/amalgamme.fr\/index.php?rest_route=%2Fwp%2Fv2%2Fcomments&post=35"}],"version-history":[{"count":21,"href":"https:\/\/amalgamme.fr\/index.php?rest_route=\/wp\/v2\/pages\/35\/revisions"}],"predecessor-version":[{"id":4050,"href":"https:\/\/amalgamme.fr\/index.php?rest_route=\/wp\/v2\/pages\/35\/revisions\/4050"}],"wp:attachment":[{"href":"https:\/\/amalgamme.fr\/index.php?rest_route=%2Fwp%2Fv2%2Fmedia&parent=35"}],"curies":[{"name":"wp","href":"https:\/\/api.w.org\/{rel}","templated":true}]}}