{"id":28,"date":"2013-12-13T17:23:04","date_gmt":"2013-12-13T16:23:04","guid":{"rendered":"http:\/\/amalgamme.fr\/site\/?page_id=28"},"modified":"2024-09-06T15:46:53","modified_gmt":"2024-09-06T14:46:53","slug":"le-fonctionnement","status":"publish","type":"page","link":"https:\/\/amalgamme.fr\/?page_id=28","title":{"rendered":"Fonctionnement"},"content":{"rendered":"<p><strong>Le Conseil d&rsquo;Administration et Le Bureau<\/strong><\/p>\n<p>Comme toute association de loi 1901, \u00e0 but non lucratif, Amal\u2019gamme est g\u00e9r\u00e9e par des b\u00e9n\u00e9voles. Un Conseil d&rsquo;Administration et un bureau d\u00e9finissent les grandes orientations, ainsi que l\u2019organisation administrative et financi\u00e8re de la troupe.<\/p>\n<p><strong>La Commission artistique<\/strong><\/p>\n<p>Amal\u2019gamme se dote \u00e9galement d\u2019une Commission Artistique qui a pour mission le choix du r\u00e9pertoire, les mises en sc\u00e8nes, l\u2019organisation technique des concerts.<\/p>\n<p><strong>Les R\u00e9p\u00e9titions<\/strong><\/p>\n<p>Nous fonctionnons selon le calendrier scolaire de Septembre \u00e0 Juin. Pas de r\u00e9p\u00e9titions pendant les vacances scolaires.<\/p>\n<p>Nos r\u00e9p\u00e9titions ont lieu \u00e0 Eaubonne :<br \/>\n&#8211; Tous les mardis soirs de 20h30 \u00e0 22h30 pour l&rsquo;apprentissage des chants<br \/>\n&#8211; Un samedi par mois de 14h30 \u00e0 17h30 pour l&rsquo;apprentissage des chor\u00e9graphies.<\/p>\n<p><strong>Les Concerts<\/strong><\/p>\n<p>La programmation des concerts se fait d&rsquo;une ann\u00e9e sur l&rsquo;autre ou en cours d&rsquo;ann\u00e9e en fonction des organisateurs.<\/p>\n","protected":false},"excerpt":{"rendered":"<p>Le Conseil d&rsquo;Administration et Le Bureau Comme toute association de loi 1901, \u00e0 but non lucratif, Amal\u2019gamme est g\u00e9r\u00e9e par des b\u00e9n\u00e9voles. Un Conseil d&rsquo;Administration et un bureau d\u00e9finissent les grandes orientations, ainsi que l\u2019organisation administrative et financi\u00e8re de la troupe. La Commission artistique Amal\u2019gamme se dote \u00e9galement d\u2019une Commission Artistique qui a pour mission [&hellip;]<\/p>\n","protected":false},"author":1,"featured_media":0,"parent":146,"menu_order":0,"comment_status":"closed","ping_status":"closed","template":"","meta":{"footnotes":""},"class_list":["post-28","page","type-page","status-publish","hentry"],"_links":{"self":[{"href":"https:\/\/amalgamme.fr\/index.php?rest_route=\/wp\/v2\/pages\/28","targetHints":{"allow":["GET"]}}],"collection":[{"href":"https:\/\/amalgamme.fr\/index.php?rest_route=\/wp\/v2\/pages"}],"about":[{"href":"https:\/\/amalgamme.fr\/index.php?rest_route=\/wp\/v2\/types\/page"}],"author":[{"embeddable":true,"href":"https:\/\/amalgamme.fr\/index.php?rest_route=\/wp\/v2\/users\/1"}],"replies":[{"embeddable":true,"href":"https:\/\/amalgamme.fr\/index.php?rest_route=%2Fwp%2Fv2%2Fcomments&post=28"}],"version-history":[{"count":14,"href":"https:\/\/amalgamme.fr\/index.php?rest_route=\/wp\/v2\/pages\/28\/revisions"}],"predecessor-version":[{"id":4639,"href":"https:\/\/amalgamme.fr\/index.php?rest_route=\/wp\/v2\/pages\/28\/revisions\/4639"}],"up":[{"embeddable":true,"href":"https:\/\/amalgamme.fr\/index.php?rest_route=\/wp\/v2\/pages\/146"}],"wp:attachment":[{"href":"https:\/\/amalgamme.fr\/index.php?rest_route=%2Fwp%2Fv2%2Fmedia&parent=28"}],"curies":[{"name":"wp","href":"https:\/\/api.w.org\/{rel}","templated":true}]}}