{"id":241,"date":"2014-04-20T17:35:03","date_gmt":"2014-04-20T16:35:03","guid":{"rendered":"http:\/\/amalgamme.fr\/site\/?page_id=241"},"modified":"2024-08-24T12:59:35","modified_gmt":"2024-08-24T11:59:35","slug":"choregraphes","status":"publish","type":"page","link":"https:\/\/amalgamme.fr\/?page_id=241","title":{"rendered":"QUI SOMMES-NOUS ?"},"content":{"rendered":"<h1>Divertissement musical et visuel,<br \/>\nau r\u00e9pertoire original et vari\u00e9<\/h1>\n<p>&nbsp;<\/p>\n<div  class='flex_column av-nqme1-b70def691de84bbf02263de67d8b8ed7 av_one_third  avia-builder-el-0  el_before_av_one_third  avia-builder-el-first  first flex_column_div  '     ><h4><span style=\"color: #fb2b4e;\">Une troupe vocale et sc\u00e9nique<\/span><\/h4>\n<p>Association cr\u00e9\u00e9e en 1985 par une joyeuse bande d\u2019enseignants qui avait envie de chanter et de mettre en sc\u00e8ne la vari\u00e9t\u00e9 de l\u2019\u00e9poque, Amal\u2019gamme a \u00e9volu\u00e9 au fil des ans pour devenir aujourd\u2019hui une troupe vocale et sc\u00e9nique dont la particularit\u00e9 est son r\u00e9pertoire jazzy.<\/p>\n<h4><span style=\"color: #fb2b4e;\">Avec une longue exp\u00e9rience<\/span><\/h4>\n<p>S&rsquo;appuyant sur sa longue exp\u00e9rience<b>,<\/b> notre troupe propose des spectacles musicaux, dans lesquels pr\u00e9domine l&rsquo;interpr\u00e9tation vocale de chansons contemporaines harmonis\u00e9es pour ch\u0153urs.<\/p>\n<h4><a href=\"https:\/\/amalgamme.fr\/?page_id=24\"><span style=\"color: #fb2b4e;\">Un r\u00e9pertoire Jazzy<\/span><\/a><\/h4>\n<p>Amal\u2019gamme combine sur sc\u00e8ne le chant, le mouvement et le jeu th\u00e9\u00e2tral, et d\u00e9poussi\u00e8re le genre en offrant une nouvelle version de la \u00ab\u00a0chorale\u00a0\u00bb&#8230; plus ludique.<\/p>\n<p><img loading=\"lazy\" decoding=\"async\" class=\"alignnone size-full wp-image-4194\" src=\"http:\/\/amalgamme.fr\/wp-content\/uploads\/2024\/08\/UNADJUSTEDNONRAW_thumb_1ffe.jpg\" alt=\"\" width=\"1024\" height=\"771\" srcset=\"https:\/\/amalgamme.fr\/wp-content\/uploads\/2024\/08\/UNADJUSTEDNONRAW_thumb_1ffe.jpg 1024w, https:\/\/amalgamme.fr\/wp-content\/uploads\/2024\/08\/UNADJUSTEDNONRAW_thumb_1ffe-300x226.jpg 300w, https:\/\/amalgamme.fr\/wp-content\/uploads\/2024\/08\/UNADJUSTEDNONRAW_thumb_1ffe-768x578.jpg 768w, https:\/\/amalgamme.fr\/wp-content\/uploads\/2024\/08\/UNADJUSTEDNONRAW_thumb_1ffe-705x531.jpg 705w\" sizes=\"auto, (max-width: 1024px) 100vw, 1024px\" \/><\/p><\/div>\n<div  class='flex_column av-ddgqx-1eddda21cf87d302592b8a1c7c21b809 av_one_third  avia-builder-el-1  el_after_av_one_third  el_before_av_one_third  flex_column_div  '     ><p><img loading=\"lazy\" decoding=\"async\" class=\"alignnone size-full wp-image-4260\" src=\"http:\/\/amalgamme.fr\/wp-content\/uploads\/2024\/07\/AmalgammeActu.jpg\" alt=\"\" width=\"2166\" height=\"1218\" srcset=\"https:\/\/amalgamme.fr\/wp-content\/uploads\/2024\/07\/AmalgammeActu.jpg 2166w, https:\/\/amalgamme.fr\/wp-content\/uploads\/2024\/07\/AmalgammeActu-300x169.jpg 300w, https:\/\/amalgamme.fr\/wp-content\/uploads\/2024\/07\/AmalgammeActu-1030x579.jpg 1030w, https:\/\/amalgamme.fr\/wp-content\/uploads\/2024\/07\/AmalgammeActu-768x432.jpg 768w, https:\/\/amalgamme.fr\/wp-content\/uploads\/2024\/07\/AmalgammeActu-1536x864.jpg 1536w, https:\/\/amalgamme.fr\/wp-content\/uploads\/2024\/07\/AmalgammeActu-2048x1152.jpg 2048w, https:\/\/amalgamme.fr\/wp-content\/uploads\/2024\/07\/AmalgammeActu-1500x843.jpg 1500w, https:\/\/amalgamme.fr\/wp-content\/uploads\/2024\/07\/AmalgammeActu-705x396.jpg 705w\" sizes=\"auto, (max-width: 2166px) 100vw, 2166px\" \/><\/p>\n<h4><span style=\"color: #fb2b4e;\">Une troupe implant\u00e9e dans le Val d&rsquo;Oise<\/span><\/h4>\n<p>Bas\u00e9e sur Eaubonne, dans le Val d\u2019Oise, notre troupe se d\u00e9place dans toute la r\u00e9gion selon les demandes ainsi que sur tout le territoire lorsque les conditions de transport ou d\u2019h\u00e9bergement sont r\u00e9alisables.<\/p>\n<h4><span style=\"color: #fb2b4e;\">Une association \u00e0 but non lucratif<\/span><\/h4>\n<p>Amal\u2019gamme est une association \u00e0 but non lucratif uniquement compos\u00e9e de b\u00e9n\u00e9voles. Le b\u00e9n\u00e9fice de nos prestations revient \u00e0 l\u2019association et nous permet d\u2019acqu\u00e9rir du mat\u00e9riel musical et technique ainsi que de couvrir les frais engag\u00e9s.<\/p>\n<h4><span style=\"color: #fb2b4e;\">Un ch\u0153ur avec du c\u0153ur<\/span><\/h4>\n<p>Sensible aux difficult\u00e9s de ses contemporains, Amal\u2019gamme chante parfois au profit d\u2019associations \u00e0 caract\u00e8re humanitaire. Dans ce cas, la recette est revers\u00e9e \u00e0 ladite association.<\/p><\/div>\n<div  class='flex_column av-7t4k1-5f86b9d2095f88af4d59217a99bb8f01 av_one_third  avia-builder-el-2  el_after_av_one_third  avia-builder-el-last  flex_column_div  '     ><h4><span style=\"color: #fb2b4e;\">Deux chefs<\/span><\/h4>\n<p>Amal\u2019gamme a le privil\u00e8ge d\u2019\u00eatre dirig\u00e9e par deux chefs. Chacun a sa sp\u00e9cialit\u00e9. En fonction de sa personnalit\u00e9, de ses comp\u00e9tences et de ses propres go\u00fbts musicaux, chaque chef soumet \u00e0 la Commission Artistique et au Bureau de l\u2019\u2019Association les morceaux qu\u2019il aimerait interpr\u00e9ter avec le groupe. Une fois vot\u00e9 \u00e0 la majorit\u00e9, le morceau est alors soumis au groupe et travaill\u00e9 jusqu\u2019\u00e0 \u00eatre pr\u00e9sent\u00e9 sur sc\u00e8ne.<\/p>\n<h5><span style=\"color: #fb2b4e;\">Catherine S\u00e9sia, Chef de choeur, Chor\u00e9graphe et Metteuse en sc\u00e8ne<\/span><\/h5>\n<p>Retrait\u00e9e de l\u2019\u00e9ducation nationale, Catherine a toujours \u00e9t\u00e9 passionn\u00e9e de musique, de chant et de danse. Sa formation de chef de ch\u0153ur lui conf\u00e8re une r\u00e9elle l\u00e9gitimit\u00e9 quant \u00e0 la direction de la troupe.<br \/>\nPar ailleurs, sa cr\u00e9ativit\u00e9, sa souplesse, sa jeunesse d\u2019esprit et sa joie de vivre communicative, font d\u2019elle une chor\u00e9graphe et une metteuse en sc\u00e8ne hors pair qui ne travaille que s\u00e9rieusement mais toujours dans la joie et la bonne humeur. Elle a toujours \u00e0 c\u0153ur de permettre \u00e0 chacun de s\u2019exprimer, d\u2019\u00eatre \u00e0 l\u2019aise dans ses mouvements, tout en prenant beaucoup de plaisir.<\/p>\n<p><strong>Son obsession<\/strong> : Pr\u00e9senter un spectacle amateur mais de qualit\u00e9 professionnelle.<\/p>\n<h5><span style=\"color: #fb2b4e;\">Marc Merli, Musicien et Harmonisateur\u00a0<\/span><\/h5>\n<p>C\u2019est le pianiste de la troupe. Professeur de musique, aujourd\u2019hui retrait\u00e9 lui aussi, Marc, qui est malvoyant, a d\u00e9velopp\u00e9 une oreille qui ne laisse passer aucune fausse note !<br \/>\nMarc harmonise une bonne partie des chants du r\u00e9pertoire d\u2019Amal\u2019gamme, dirige le ch\u0153ur sur quelques morceaux et accompagne chaque chant au piano.<\/p>\n<p><strong>Son obsession<\/strong> : Les notes justes\u00a0! Attention\u00a0! Aucun couac n\u2019est permis si l\u2019on veut se produire sur sc\u00e8ne\u00a0!<\/p><\/div>\n<p>&nbsp;<\/p>\n","protected":false},"excerpt":{"rendered":"<p>Divertissement musical et visuel, au r\u00e9pertoire original et vari\u00e9 &nbsp; &nbsp;<\/p>\n","protected":false},"author":1,"featured_media":0,"parent":2,"menu_order":0,"comment_status":"closed","ping_status":"closed","template":"","meta":{"footnotes":""},"class_list":["post-241","page","type-page","status-publish","hentry"],"_links":{"self":[{"href":"https:\/\/amalgamme.fr\/index.php?rest_route=\/wp\/v2\/pages\/241","targetHints":{"allow":["GET"]}}],"collection":[{"href":"https:\/\/amalgamme.fr\/index.php?rest_route=\/wp\/v2\/pages"}],"about":[{"href":"https:\/\/amalgamme.fr\/index.php?rest_route=\/wp\/v2\/types\/page"}],"author":[{"embeddable":true,"href":"https:\/\/amalgamme.fr\/index.php?rest_route=\/wp\/v2\/users\/1"}],"replies":[{"embeddable":true,"href":"https:\/\/amalgamme.fr\/index.php?rest_route=%2Fwp%2Fv2%2Fcomments&post=241"}],"version-history":[{"count":26,"href":"https:\/\/amalgamme.fr\/index.php?rest_route=\/wp\/v2\/pages\/241\/revisions"}],"predecessor-version":[{"id":4544,"href":"https:\/\/amalgamme.fr\/index.php?rest_route=\/wp\/v2\/pages\/241\/revisions\/4544"}],"up":[{"embeddable":true,"href":"https:\/\/amalgamme.fr\/index.php?rest_route=\/wp\/v2\/pages\/2"}],"wp:attachment":[{"href":"https:\/\/amalgamme.fr\/index.php?rest_route=%2Fwp%2Fv2%2Fmedia&parent=241"}],"curies":[{"name":"wp","href":"https:\/\/api.w.org\/{rel}","templated":true}]}}