{"id":24,"date":"2013-12-13T17:14:08","date_gmt":"2013-12-13T16:14:08","guid":{"rendered":"http:\/\/amalgamme.fr\/site\/?page_id=24"},"modified":"2024-08-20T09:55:38","modified_gmt":"2024-08-20T08:55:38","slug":"notre-repertoire","status":"publish","type":"page","link":"https:\/\/amalgamme.fr\/?page_id=24","title":{"rendered":"Notre r\u00e9pertoire"},"content":{"rendered":"<p style=\"text-align: center;\"><strong>NOTRE REPERTOIRE<\/strong><\/p>\n<p>&nbsp;<\/p>\n<p style=\"text-align: center;\"><strong>Les Plaisirs d\u00e9mod\u00e9s<\/strong> &#8211; Charles Aznavour &#8211; Georges Garvarentz &#8211; Arr : Marc Merli<\/p>\n<p style=\"text-align: center;\"><strong>I&rsquo;ve got you under my skin<\/strong> &#8211; Cole Porter &#8211; Arr : Kirby Shaw<\/p>\n<p style=\"text-align: center;\"><strong>Across the universe<\/strong> &#8211; John Lennon et Paul Mc Cartney &#8211; Arr : Julie Gaulke<\/p>\n<p style=\"text-align: center;\"><strong>Angel Eyes<\/strong> &#8211; Earl Brent Mat Dennis &#8211; Arr : Berty Rice<\/p>\n<p style=\"text-align: center;\"><strong>Nager la Nuit<\/strong> &#8211; Keren Ann &#8211; Arr : Marc Merli<\/p>\n<p style=\"text-align: center;\"><strong>La Bo\u00eete de Jazz<\/strong> &#8211; Michel Jonasz &#8211; Harm : Didier Gendt<\/p>\n<p style=\"text-align: center;\"><strong>Un Homme &amp; une femme<\/strong> &#8211; Pierre Barouh -Harm : Marc Merli<\/p>\n<p style=\"text-align: center;\"><strong>Le petit commerce<\/strong> &#8211; Boris Vian &#8211; Arrgt : Marc Merli<\/p>\n<p style=\"text-align: center;\"><strong>Bohemian Rhapsody<\/strong> &#8211; Freddy Mercury<\/p>\n<p style=\"text-align: center;\"><strong>White Christmas<\/strong> &#8211; Irving Berling &#8211; Arr : Hector Mac Carthy<\/p>\n<p style=\"text-align: center;\"><strong>La c\u00e9l\u00e9brit\u00e9<\/strong> &#8211; Jeanne Moreau-J. Datin. Arr : Marc Merli<\/p>\n<p style=\"text-align: center;\"><strong>Bidonville-Berimbau<\/strong> &#8211; Baden Powell Vinicius de Moraes &#8211; Claude Nougaro &#8211; Harm : Marc Merli<\/p>\n<p style=\"text-align: center;\"><strong>El Ultimo Cafe<\/strong> &#8211; Hector Stamponi &#8211; Catulo Castillo &#8211; Arrgt : Emilio Dublanc<\/p>\n<p style=\"text-align: center;\"><strong>My Heart belongs to Daddy &#8211;<\/strong> Marylin Monroe<strong><br \/>\n<\/strong><\/p>\n<p style=\"text-align: center;\"><strong>La marchande de poissons<\/strong> &#8211; Ricet Barrier &#8211; Harm : Marc Merli<\/p>\n<p style=\"text-align: center;\"><strong>Ma Maison de R\u00eaves &#8211; <\/strong>Ricet-Barriet &#8211; Harm : Marc Merli<\/p>\n<p style=\"text-align: center;\"><strong>Be-Ba-Be-Re-Bop &#8211; <\/strong>Lionel Hampton et Curley Hammer &#8211; Arrt : Steve Zegree<\/p>\n<p style=\"text-align: center;\"><strong>Les Yeux Ouverts (Dream a little dream) &#8211; <\/strong>Gus Kahn &#8211; Wilbur\u00a0 Schwandt &amp; Fabian Andre &#8211; Adapt. Fran\u00e7aise : Brice Hugues Homs et Koerin Ternovtzeff &#8211; Arrgt : Berty Rice<\/p>\n<p style=\"text-align: center;\"><strong>La complainte du progr\u00e8s<\/strong> &#8211; Boris Bian &#8211; Arrgt. Marc Merli<\/p>\n<p style=\"text-align: center;\"><strong>Lil&rsquo;darling<\/strong> &#8211; H. Salvador\/Neal Hefti &#8211; Arr. T.Lalo<\/p>\n<p style=\"text-align: center;\"><strong>Sing sing song<\/strong> &#8211; Adderley, O. Brown Jr, Nougaro &#8211; Arr.Verny<\/p>\n<p style=\"text-align: center;\"><strong>Dansez sur moi<\/strong> &#8211; C. Nougaro\/Neal Hefti &#8211; Arr. Marc Merli<\/p>\n<p style=\"text-align: center;\"><strong>D\u00e9bit de l&rsquo;eau, d\u00e9bit de lait<\/strong> &#8211; C. Trenet-F.Blanche- A.Lasry\/Leo Chaulias. Arr. G. Salvador<\/p>\n<p style=\"text-align: center;\"><strong>Adios Nonino<\/strong> &#8211; A. Piazzola &#8211; Arr. N. Zadoff<\/p>\n<p style=\"text-align: center;\"><strong>Angel&rsquo;s Eyes<\/strong> &#8211; Earl Brent\/Matt Dennis. Arr. Berty Rice<\/p>\n<p style=\"text-align: center;\"><strong>Libertango<\/strong> &#8211; G. Mqarchand\/A. Piazzola &#8211; Arr. Marc Merli<\/p>\n<p style=\"text-align: center;\"><strong>L&rsquo;eau qu&rsquo;on boit<\/strong> &#8211; M. Fugain &#8211; Arr. Marc Merli<\/p>\n<p style=\"text-align: center;\"><strong>Jazz Volant<\/strong> &#8211; L&rsquo;orchestre du spendid<\/p>\n<p style=\"text-align: center;\"><strong>Tout pour ma ch\u00e9rie<\/strong> &#8211; M. Polnareff &#8211; Arr. Marc Merli<\/p>\n<p style=\"text-align: center;\"><strong>Le Feutre taup\u00e9<\/strong> &#8211; C. Aznavour\/P.Roche &#8211; Arr. S. Tardy<\/p>\n<p style=\"text-align: center;\"><strong>My song of you<\/strong> &#8211; A. Souchon\/L.Voulzy &#8211; Arr. R.Pulcini<\/p>\n<p style=\"text-align: center;\"><strong>Le cin\u00e9matographe<\/strong> &#8211; Boris Vian\/J.Walter &#8211; Arr. Marc Merli<\/p>\n<p style=\"text-align: center;\"><strong>Rimes<\/strong> &#8211; C. Nougaro\/A.Romano &#8211; Arr. Marc Merli<\/p>\n<p style=\"text-align: center;\"><strong>Pour acheter l&rsquo;entrec\u00f4te<\/strong> &#8211; P. Goupil\/M.Zimmermann &#8211; Arr. H. Salvador<\/p>\n<p style=\"text-align: center;\"><strong>Ne vous mariez pas les filles<\/strong> &#8211; Boris Vian\/Alain Goraguer &#8211; Arr. Marc Merli<\/p>\n<p style=\"text-align: center;\"><strong>Les Don Juan<\/strong> &#8211; C. Nougaro\/M. Legrand &#8211; Arr. Marc Merli<\/p>\n<p style=\"text-align: center;\"><strong>Joueurs de blues<\/strong> &#8211; M. Jonasz- Arr. S. Tardy<\/p>\n<p style=\"text-align: center;\"><strong>For me formidable<\/strong> &#8211; C. Aznavour &#8211; Arr. N. Maran\u00e7on<\/p>\n<p style=\"text-align: center;\"><strong>Chanson d&rsquo;automne<\/strong> &#8211; Oscar Vladislas de L.Millosz\/T.Lalo. Arr. T.Lalo<\/p>\n","protected":false},"excerpt":{"rendered":"<p>NOTRE REPERTOIRE &nbsp; Les Plaisirs d\u00e9mod\u00e9s &#8211; Charles Aznavour &#8211; Georges Garvarentz &#8211; Arr : Marc Merli I&rsquo;ve got you under my skin &#8211; Cole Porter &#8211; Arr : Kirby Shaw Across the universe &#8211; John Lennon et Paul Mc Cartney &#8211; Arr : Julie Gaulke Angel Eyes &#8211; Earl Brent Mat Dennis &#8211; Arr [&hellip;]<\/p>\n","protected":false},"author":1,"featured_media":0,"parent":35,"menu_order":0,"comment_status":"closed","ping_status":"closed","template":"","meta":{"footnotes":""},"class_list":["post-24","page","type-page","status-publish","hentry"],"_links":{"self":[{"href":"https:\/\/amalgamme.fr\/index.php?rest_route=\/wp\/v2\/pages\/24","targetHints":{"allow":["GET"]}}],"collection":[{"href":"https:\/\/amalgamme.fr\/index.php?rest_route=\/wp\/v2\/pages"}],"about":[{"href":"https:\/\/amalgamme.fr\/index.php?rest_route=\/wp\/v2\/types\/page"}],"author":[{"embeddable":true,"href":"https:\/\/amalgamme.fr\/index.php?rest_route=\/wp\/v2\/users\/1"}],"replies":[{"embeddable":true,"href":"https:\/\/amalgamme.fr\/index.php?rest_route=%2Fwp%2Fv2%2Fcomments&post=24"}],"version-history":[{"count":24,"href":"https:\/\/amalgamme.fr\/index.php?rest_route=\/wp\/v2\/pages\/24\/revisions"}],"predecessor-version":[{"id":4409,"href":"https:\/\/amalgamme.fr\/index.php?rest_route=\/wp\/v2\/pages\/24\/revisions\/4409"}],"up":[{"embeddable":true,"href":"https:\/\/amalgamme.fr\/index.php?rest_route=\/wp\/v2\/pages\/35"}],"wp:attachment":[{"href":"https:\/\/amalgamme.fr\/index.php?rest_route=%2Fwp%2Fv2%2Fmedia&parent=24"}],"curies":[{"name":"wp","href":"https:\/\/api.w.org\/{rel}","templated":true}]}}