{"id":2,"date":"2013-11-07T23:52:17","date_gmt":"2013-11-07T22:52:17","guid":{"rendered":"http:\/\/amalgamme.fr\/site\/?page_id=2"},"modified":"2024-09-06T15:57:14","modified_gmt":"2024-09-06T14:57:14","slug":"page-d-exemple","status":"publish","type":"page","link":"https:\/\/amalgamme.fr\/?page_id=2","title":{"rendered":"TROUPE VOCALE &#038; SC\u00c9NIQUE"},"content":{"rendered":"\n<style type=\"text\/css\" data-created_by=\"avia_inline_auto\" id=\"style-css-av-m03jta9g-9189e0192d5b2851df5a661637c2b34e\">\n#top .av-special-heading.av-m03jta9g-9189e0192d5b2851df5a661637c2b34e{\npadding-bottom:10px;\n}\nbody .av-special-heading.av-m03jta9g-9189e0192d5b2851df5a661637c2b34e .av-special-heading-tag .heading-char{\nfont-size:25px;\n}\n.av-special-heading.av-m03jta9g-9189e0192d5b2851df5a661637c2b34e .av-subheading{\nfont-size:15px;\n}\n<\/style>\n<div  class='av-special-heading av-m03jta9g-9189e0192d5b2851df5a661637c2b34e av-special-heading-h3 blockquote modern-quote  avia-builder-el-0  el_before_av_one_half  avia-builder-el-first '><h3 class='av-special-heading-tag '  itemprop=\"headline\"  >DIVERTISSEMENT MUSICAL ET VISUEL, AU R\u00c9PERTOIRE ORIGINAL ET VARI\u00c9<\/h3><div class=\"special-heading-border\"><div class=\"special-heading-inner-border\"><\/div><\/div><\/div>\n<div  class='flex_column av-2nx4-0d020cd1277866b54d28b1a837e82ab6 av_one_half  avia-builder-el-1  el_after_av_heading  el_before_av_one_half  first flex_column_div  '     ><section  class='av_textblock_section av-m03jwwmm-504aa360e375ad64a560b334f91b3427 '   itemscope=\"itemscope\" itemtype=\"https:\/\/schema.org\/CreativeWork\" ><div class='avia_textblock'  itemprop=\"text\" ><blockquote>\n<p>Avec un choix de r\u00e9pertoire vari\u00e9 allant de la chanson fran\u00e7aise en passant par la musique pop et les standards de jazz, Amal&rsquo;gamme, gr\u00e2ce \u00e0 une mise en sc\u00e8ne vivante, sensible et rythm\u00e9e, nous invite \u00e0 un voyage musical original, plein d&rsquo;\u00e9nergie et de passion.<\/p>\n<p>Au programme, Michel Jonasz, Boris Vian, Jeanne Moreau, les Beatles, Charles Aznavour, Keren Ann et bien d&rsquo;autres&#8230;<\/p>\n<\/blockquote>\n<p><img loading=\"lazy\" decoding=\"async\" class=\"alignnone size-full wp-image-3864\" src=\"http:\/\/amalgamme.fr\/wp-content\/uploads\/2023\/06\/20230611_180504-scaled.jpg\" alt=\"\" width=\"2560\" height=\"1920\" srcset=\"https:\/\/amalgamme.fr\/wp-content\/uploads\/2023\/06\/20230611_180504-scaled.jpg 2560w, https:\/\/amalgamme.fr\/wp-content\/uploads\/2023\/06\/20230611_180504-300x225.jpg 300w, https:\/\/amalgamme.fr\/wp-content\/uploads\/2023\/06\/20230611_180504-1024x768.jpg 1024w, https:\/\/amalgamme.fr\/wp-content\/uploads\/2023\/06\/20230611_180504-768x576.jpg 768w, https:\/\/amalgamme.fr\/wp-content\/uploads\/2023\/06\/20230611_180504-1536x1152.jpg 1536w, https:\/\/amalgamme.fr\/wp-content\/uploads\/2023\/06\/20230611_180504-2048x1536.jpg 2048w, https:\/\/amalgamme.fr\/wp-content\/uploads\/2023\/06\/20230611_180504-80x60.jpg 80w\" sizes=\"auto, (max-width: 2560px) 100vw, 2560px\" \/><\/p>\n<audio class=\"wp-audio-shortcode\" id=\"audio-2-1\" preload=\"none\" style=\"width: 100%;\" controls=\"controls\"><source type=\"audio\/mpeg\" src=\"http:\/\/amalgamme.fr\/wp-content\/uploads\/2015\/03\/MEDLEY-AMALGAMME.mp3?_=1\" \/><a href=\"http:\/\/amalgamme.fr\/wp-content\/uploads\/2015\/03\/MEDLEY-AMALGAMME.mp3\">http:\/\/amalgamme.fr\/wp-content\/uploads\/2015\/03\/MEDLEY-AMALGAMME.mp3<\/a><\/audio>\n<p>\u00c0 \u00e9couter&#8230; sans mod\u00e9ration !<\/p>\n<\/div><\/section><\/div>\n<div  class='flex_column av-oq66-cf4e27342440532c76947adc8df0015e av_one_half  avia-builder-el-3  el_after_av_one_half  el_before_av_one_third  flex_column_div  '     ><section  class='av_textblock_section av-m0287chi-0f2cd9d12c13ce24bfba59eca9acf63e '   itemscope=\"itemscope\" itemtype=\"https:\/\/schema.org\/CreativeWork\" ><div class='avia_textblock'  itemprop=\"text\" ><p><iframe loading=\"lazy\" title=\"YouTube video player\" src=\"https:\/\/www.youtube.com\/embed\/HqvLODHVOE4?si=Uwl33iYEpCun1uDu\" width=\"560\" height=\"315\" frameborder=\"0\" allowfullscreen=\"allowfullscreen\"><\/iframe><\/p>\n<figure class=\"wp-block-embed-youtube wp-block-embed is-type-video is-provider-youtube wp-embed-aspect-16-9 wp-has-aspect-ratio\">\n<div><\/div>\n<\/figure>\n<p><iframe loading=\"lazy\" title=\"YouTube video player\" src=\"https:\/\/www.youtube.com\/embed\/Oud_mDoU8dw?si=mN27hTaaDDo8ogkh\" width=\"560\" height=\"315\" frameborder=\"0\" allowfullscreen=\"allowfullscreen\"><\/iframe><\/p>\n<\/div><\/section><\/div>\n<div  class='flex_column av-275s-e62913582e1cde02b70cc25fe57e4bbf av_one_third  avia-builder-el-5  el_after_av_one_half  el_before_av_one_third  first flex_column_div  column-top-margin'     ><div  class='avia-icon-list-container av-jiic-595e1299af69dff6895f2dcfa40ebfc2  avia-builder-el-6  avia-builder-el-no-sibling '><ul class='avia-icon-list avia_animate_when_almost_visible avia-icon-list-left av-iconlist-big av-jiic-595e1299af69dff6895f2dcfa40ebfc2 avia-iconlist-animate'>\n<li><div class='iconlist_icon av-hlrw-a3337227f7d5a568e278c2b3f643e1a1 avia-font-entypo-fontello'><span class='iconlist-char' aria-hidden='true' data-av_icon='\ue909' data-av_iconfont='entypo-fontello'><\/span><\/div><article class=\"article-icon-entry av-iconlist-empty\"  itemscope=\"itemscope\" itemtype=\"https:\/\/schema.org\/CreativeWork\" ><div class=\"iconlist_content_wrap\"><header class=\"entry-content-header\" aria-label=\"Icon: &lt;a href=&#039;https:\/\/www.instagram.com\/amalgammetroupe95&#039; title=&#039;Sur Instagram&#039;&gt;Sur Instagram&lt;\/a&gt;\"><h4 class='av_iconlist_title iconlist_title  '  itemprop=\"headline\" ><a href='https:\/\/www.instagram.com\/amalgammetroupe95' title='Sur Instagram'>Sur Instagram<\/a><\/h4><\/header><div class='iconlist_content '  itemprop=\"text\" ><\/div><\/div><footer class=\"entry-footer\"><\/footer><\/article><div class=\"iconlist-timeline\"><\/div><\/li>\n<\/ul><\/div><\/div>\n<div  class='flex_column av-f8fe-e712bafdadc66f6f9b42dfd058e8b3d0 av_one_third  avia-builder-el-7  el_after_av_one_third  el_before_av_one_third  flex_column_div  column-top-margin'     ><div  class='avia-icon-list-container av-drz2-877e2d18bc02432da72e147b03c5bf14  avia-builder-el-8  avia-builder-el-no-sibling '><ul class='avia-icon-list avia_animate_when_almost_visible avia-icon-list-left av-iconlist-big av-drz2-877e2d18bc02432da72e147b03c5bf14 avia-iconlist-animate'>\n<li><div class='iconlist_icon av-bieo-cf7f57af5718bd776b7c6eae00266287 avia-font-entypo-fontello'><span class='iconlist-char' aria-hidden='true' data-av_icon='\ue8f5' data-av_iconfont='entypo-fontello'><\/span><\/div><article class=\"article-icon-entry av-iconlist-empty\"  itemscope=\"itemscope\" itemtype=\"https:\/\/schema.org\/CreativeWork\" ><div class=\"iconlist_content_wrap\"><header class=\"entry-content-header\" aria-label=\"Icon: &lt;a href=&#039;https:\/\/www.facebook.com\/amalgamme.troupevocale.3&#039; title=&#039;Sur Facebook&#039;&gt;Sur Facebook&lt;\/a&gt;\"><h4 class='av_iconlist_title iconlist_title  '  itemprop=\"headline\" ><a href='https:\/\/www.facebook.com\/amalgamme.troupevocale.3' title='Sur Facebook'>Sur Facebook<\/a><\/h4><\/header><div class='iconlist_content '  itemprop=\"text\" ><\/div><\/div><footer class=\"entry-footer\"><\/footer><\/article><div class=\"iconlist-timeline\"><\/div><\/li>\n<\/ul><\/div><\/div>\n<div  class='flex_column av-9xic-4d03aec0f9ddd45f4fcddba4900d34c1 av_one_third  avia-builder-el-9  el_after_av_one_third  el_before_av_hr  flex_column_div  column-top-margin'     ><div  class='avia-icon-list-container av-7xu2-4473a37d6804824ae310679f06556e58  avia-builder-el-10  avia-builder-el-no-sibling '><ul class='avia-icon-list avia_animate_when_almost_visible avia-icon-list-left av-iconlist-big av-7xu2-4473a37d6804824ae310679f06556e58 avia-iconlist-animate'>\n<li><div class='iconlist_icon av-5tzs-1abf0ff113ceaaa73a970d808c10b04d avia-font-entypo-fontello'><span class='iconlist-char' aria-hidden='true' data-av_icon='\uf16a' data-av_iconfont='entypo-fontello'><\/span><\/div><article class=\"article-icon-entry av-iconlist-empty\"  itemscope=\"itemscope\" itemtype=\"https:\/\/schema.org\/CreativeWork\" ><div class=\"iconlist_content_wrap\"><header class=\"entry-content-header\" aria-label=\"Icon: &lt;a href=&#039;https:\/\/www.youtube.com\/@amalgammeeaubonne4999&#039; title=&#039;Sur Youtube&#039;&gt;Sur Youtube&lt;\/a&gt;\"><h4 class='av_iconlist_title iconlist_title  '  itemprop=\"headline\" ><a href='https:\/\/www.youtube.com\/@amalgammeeaubonne4999' title='Sur Youtube'>Sur Youtube<\/a><\/h4><\/header><div class='iconlist_content '  itemprop=\"text\" ><\/div><\/div><footer class=\"entry-footer\"><\/footer><\/article><div class=\"iconlist-timeline\"><\/div><\/li>\n<\/ul><\/div><\/div>\n\n<style type=\"text\/css\" data-created_by=\"avia_inline_auto\" id=\"style-css-av-zrmi-9e9947ce69a518f1c26b7f10e737f1ed\">\n#top .hr.hr-invisible.av-zrmi-9e9947ce69a518f1c26b7f10e737f1ed{\nheight:20px;\n}\n<\/style>\n<div  class='hr av-zrmi-9e9947ce69a518f1c26b7f10e737f1ed hr-invisible  avia-builder-el-11  el_after_av_one_third  el_before_av_hr '><span class='hr-inner '><span class=\"hr-inner-style\"><\/span><\/span><\/div>\n\n<style type=\"text\/css\" data-created_by=\"avia_inline_auto\" id=\"style-css-av-3kgi-337e1fe8e09f67b2b3c768e36316205b\">\n#top .hr.hr-invisible.av-3kgi-337e1fe8e09f67b2b3c768e36316205b{\nheight:20px;\n}\n<\/style>\n<div  class='hr av-3kgi-337e1fe8e09f67b2b3c768e36316205b hr-invisible  avia-builder-el-12  el_after_av_hr  avia-builder-el-last '><span class='hr-inner '><span class=\"hr-inner-style\"><\/span><\/span><\/div>\n","protected":false},"excerpt":{"rendered":"","protected":false},"author":1,"featured_media":0,"parent":0,"menu_order":1,"comment_status":"closed","ping_status":"closed","template":"","meta":{"footnotes":""},"class_list":["post-2","page","type-page","status-publish","hentry"],"_links":{"self":[{"href":"https:\/\/amalgamme.fr\/index.php?rest_route=\/wp\/v2\/pages\/2","targetHints":{"allow":["GET"]}}],"collection":[{"href":"https:\/\/amalgamme.fr\/index.php?rest_route=\/wp\/v2\/pages"}],"about":[{"href":"https:\/\/amalgamme.fr\/index.php?rest_route=\/wp\/v2\/types\/page"}],"author":[{"embeddable":true,"href":"https:\/\/amalgamme.fr\/index.php?rest_route=\/wp\/v2\/users\/1"}],"replies":[{"embeddable":true,"href":"https:\/\/amalgamme.fr\/index.php?rest_route=%2Fwp%2Fv2%2Fcomments&post=2"}],"version-history":[{"count":38,"href":"https:\/\/amalgamme.fr\/index.php?rest_route=\/wp\/v2\/pages\/2\/revisions"}],"predecessor-version":[{"id":4117,"href":"https:\/\/amalgamme.fr\/index.php?rest_route=\/wp\/v2\/pages\/2\/revisions\/4117"}],"wp:attachment":[{"href":"https:\/\/amalgamme.fr\/index.php?rest_route=%2Fwp%2Fv2%2Fmedia&parent=2"}],"curies":[{"name":"wp","href":"https:\/\/api.w.org\/{rel}","templated":true}]}}