{"id":146,"date":"2014-04-11T09:04:52","date_gmt":"2014-04-11T08:04:52","guid":{"rendered":"http:\/\/amalgamme.fr\/site\/?page_id=146"},"modified":"2024-08-20T09:58:19","modified_gmt":"2024-08-20T08:58:19","slug":"nous-rejoindre","status":"publish","type":"page","link":"https:\/\/amalgamme.fr\/?page_id=146","title":{"rendered":"Nous rejoindre"},"content":{"rendered":"<p><strong>Vous avez envie de nous rejoindre\u00a0? C\u2019est possible\u00a0! Selon nos besoins, nous recherchons de temps en temps de nouveaux choristes sopranos, altos, t\u00e9nors ou basses.<\/strong><\/p>\n<p><strong>Conditions<\/strong><\/p>\n<p>Pour faire partie de la troupe, votre bonne humeur est indispensable\u00a0! Il vous faut \u00e9galement aimer chanter, bouger, apprendre par c\u0153ur.<\/p>\n<p><strong>Auditions<\/strong><\/p>\n<p>Toute candidature de choriste fait l\u2019objet d\u2019une audition. Pour y participer, il vous sera demand\u00e9 de pr\u00e9parer un chant de votre choix puis de venir le pr\u00e9senter aux dirigeants d\u2019Amal\u2019gamme apr\u00e8s avoir pris rendez-vous. A moins d\u2019\u00eatre musicien vous-m\u00eame, Marc Merli vous accompagnera au piano lors de votre passage d\u2019audition.<\/p>\n<p><strong>Adh\u00e9sion<\/strong><\/p>\n<p>Chaque choriste d\u2019Amal\u2019gamme est n\u00e9cessairement adh\u00e9rent de l\u2019Association, respecte son r\u00e8glement int\u00e9rieur, r\u00e8gle sa cotisation et accepte les conditions de r\u00e9p\u00e9titions de la troupe.<\/p>\n<p><strong>Cotisation<\/strong><\/p>\n<p>La cotisation annuelle en 2024 : 40 \u20ac<\/p>\n","protected":false},"excerpt":{"rendered":"<p>Vous avez envie de nous rejoindre\u00a0? C\u2019est possible\u00a0! Selon nos besoins, nous recherchons de temps en temps de nouveaux choristes sopranos, altos, t\u00e9nors ou basses. Conditions Pour faire partie de la troupe, votre bonne humeur est indispensable\u00a0! Il vous faut \u00e9galement aimer chanter, bouger, apprendre par c\u0153ur. Auditions Toute candidature de choriste fait l\u2019objet d\u2019une [&hellip;]<\/p>\n","protected":false},"author":1,"featured_media":0,"parent":0,"menu_order":3,"comment_status":"closed","ping_status":"closed","template":"","meta":{"footnotes":""},"class_list":["post-146","page","type-page","status-publish","hentry"],"_links":{"self":[{"href":"https:\/\/amalgamme.fr\/index.php?rest_route=\/wp\/v2\/pages\/146","targetHints":{"allow":["GET"]}}],"collection":[{"href":"https:\/\/amalgamme.fr\/index.php?rest_route=\/wp\/v2\/pages"}],"about":[{"href":"https:\/\/amalgamme.fr\/index.php?rest_route=\/wp\/v2\/types\/page"}],"author":[{"embeddable":true,"href":"https:\/\/amalgamme.fr\/index.php?rest_route=\/wp\/v2\/users\/1"}],"replies":[{"embeddable":true,"href":"https:\/\/amalgamme.fr\/index.php?rest_route=%2Fwp%2Fv2%2Fcomments&post=146"}],"version-history":[{"count":9,"href":"https:\/\/amalgamme.fr\/index.php?rest_route=\/wp\/v2\/pages\/146\/revisions"}],"predecessor-version":[{"id":4417,"href":"https:\/\/amalgamme.fr\/index.php?rest_route=\/wp\/v2\/pages\/146\/revisions\/4417"}],"wp:attachment":[{"href":"https:\/\/amalgamme.fr\/index.php?rest_route=%2Fwp%2Fv2%2Fmedia&parent=146"}],"curies":[{"name":"wp","href":"https:\/\/api.w.org\/{rel}","templated":true}]}}